{"id":15,"date":"2023-05-10T13:39:18","date_gmt":"2023-05-10T13:39:18","guid":{"rendered":"https:\/\/gave-guiden.dk\/?page_id=15"},"modified":"2023-05-17T20:55:03","modified_gmt":"2023-05-17T20:55:03","slug":"gaven-til-hende","status":"publish","type":"page","link":"https:\/\/gave-guiden.dk\/index.php\/gaven-til-hende\/","title":{"rendered":"Gaven til hende"},"content":{"rendered":"\n<p><\/p>\n\n\n\n<figure class=\"wp-block-image size-large\"><img decoding=\"async\" loading=\"lazy\" width=\"1024\" height=\"412\" src=\"https:\/\/gave-guiden.dk\/wp-content\/uploads\/2023\/05\/hands-1161112-1024x412.webp\" alt=\"\" class=\"wp-image-18\" srcset=\"https:\/\/gave-guiden.dk\/wp-content\/uploads\/2023\/05\/hands-1161112-1024x412.webp 1024w, https:\/\/gave-guiden.dk\/wp-content\/uploads\/2023\/05\/hands-1161112-300x121.webp 300w, https:\/\/gave-guiden.dk\/wp-content\/uploads\/2023\/05\/hands-1161112-768x309.webp 768w, https:\/\/gave-guiden.dk\/wp-content\/uploads\/2023\/05\/hands-1161112-1536x618.webp 1536w, https:\/\/gave-guiden.dk\/wp-content\/uploads\/2023\/05\/hands-1161112.webp 1920w\" sizes=\"(max-width: 1024px) 100vw, 1024px\" \/><\/figure>\n\n\n\n<p>F\u00e5 hendes hjerte til at sl\u00e5 hurtigere, giv hende den perfekte gave! Vi har samlet de bedste gaveid\u00e9er til hende, der passer til enhver smag og stil. Overrask hende med en smuk og elegant halsk\u00e6de eller et par \u00f8reringe, der vil fuldende ethvert outfit. Hvis hun er mere til oplevelser, kan du give hende en unik og mindev\u00e6rdig oplevelsesgave som en ballontur eller et spaophold. Med vores store udvalg af personlige og kreative gaveid\u00e9er vil du med sikkerhed finde den perfekte gave hende.<\/p>\n\n\n\n<hr class=\"wp-block-separator has-alpha-channel-opacity is-style-wide\"\/>\n\n\n\n<h2 class=\"wp-block-heading\">1. <a href=\"https:\/\/www.partner-ads.com\/dk\/klikbanner.php?partnerid=48240&amp;bannerid=91813\" data-type=\"URL\" data-id=\"https:\/\/www.partner-ads.com\/dk\/klikbanner.php?partnerid=48240&amp;bannerid=91813\" target=\"_blank\" rel=\"noreferrer noopener\">Saabys<\/a> smykker &#8211; Et smukt smykke.<\/h2>\n\n\n\n<p>N\u00e5r det kommer til at finde den perfekte gave, er <a href=\"https:\/\/www.partner-ads.com\/dk\/klikbanner.php?partnerid=48240&amp;bannerid=91813\" data-type=\"URL\" data-id=\"https:\/\/www.partner-ads.com\/dk\/klikbanner.php?partnerid=48240&amp;bannerid=91813\" target=\"_blank\" rel=\"noreferrer noopener\">Saabys.dk<\/a> et virkelig godt valg valg. Deres omfattende sortiment tilbyder en bred vifte af unikke og stilfulde smykker, der vil imponere enhver modtager.<\/p>\n\n\n\n<p><a href=\"https:\/\/www.partner-ads.com\/dk\/klikbanner.php?partnerid=48240&amp;bannerid=91813\" data-type=\"URL\" data-id=\"https:\/\/www.partner-ads.com\/dk\/klikbanner.php?partnerid=48240&amp;bannerid=91813\" target=\"_blank\" rel=\"noreferrer noopener\">Saabys.dk<\/a> er kendt for deres store udvalg af kendte m\u00e6rker fra smykke verden. Fra smukke halsk\u00e6der og \u00f8reringe til elegante armb\u00e5nd og ringe finder du en bred vifte af designs, der passer til enhver stil og smag. <\/p>\n\n\n\n<p>Udover smykker har <a href=\"https:\/\/www.partner-ads.com\/dk\/klikbanner.php?partnerid=48240&amp;bannerid=91813\" data-type=\"URL\" data-id=\"https:\/\/www.partner-ads.com\/dk\/klikbanner.php?partnerid=48240&amp;bannerid=91813\" target=\"_blank\" rel=\"noreferrer noopener\"><\/a><a rel=\"noreferrer noopener\" href=\"https:\/\/www.partner-ads.com\/dk\/klikbanner.php?partnerid=48240&amp;bannerid=91813\" data-type=\"URL\" data-id=\"https:\/\/www.partner-ads.com\/dk\/klikbanner.php?partnerid=48240&amp;bannerid=91813\" target=\"_blank\">Saabys.dk<\/a> ogs\u00e5 et imponerende udvalg af <a href=\"https:\/\/www.partner-ads.com\/dk\/klikbanner.php?partnerid=48240&amp;bannerid=91813&amp;htmlurl=https:\/\/www.saabys.dk\/collections\/traefigurer\" data-type=\"URL\" data-id=\"https:\/\/www.partner-ads.com\/dk\/klikbanner.php?partnerid=48240&amp;bannerid=91813&amp;htmlurl=https:\/\/www.saabys.dk\/collections\/traefigurer\" target=\"_blank\" rel=\"noreferrer noopener\">tr\u00e6figurer fra Kay Bojesen<\/a>. <\/p>\n\n\n\n<p>Et andet tr\u00e6k ved <a rel=\"noreferrer noopener\" href=\"https:\/\/www.partner-ads.com\/dk\/klikbanner.php?partnerid=48240&amp;bannerid=91813\" data-type=\"URL\" data-id=\"https:\/\/www.partner-ads.com\/dk\/klikbanner.php?partnerid=48240&amp;bannerid=91813\" target=\"_blank\">Saabys.dk<\/a> er deres hurtige og p\u00e5lidelige leveringsservice. Du kan v\u00e6re sikker p\u00e5, at din gave vil blive leveret i tide og pakket ind med omhu, s\u00e5 den er klar til at imponere.<\/p>\n\n\n\n<p>S\u00e5 uanset om du leder efter en gave til en f\u00f8dselsdag, jubil\u00e6um eller bare for at vise din k\u00e6rlighed og p\u00e5sk\u00f8nnelse, vil <a rel=\"noreferrer noopener\" href=\"https:\/\/www.partner-ads.com\/dk\/klikbanner.php?partnerid=48240&amp;bannerid=91813\" data-type=\"URL\" data-id=\"https:\/\/www.partner-ads.com\/dk\/klikbanner.php?partnerid=48240&amp;bannerid=91813\" target=\"_blank\">Saabys.dk<\/a>&#8216;s sortiment sikre, at du finder den perfekte gave. Bes\u00f8g deres hjemmeside i dag, og lad dig inspirere af deres fantastiske udvalg af smykker og personlige gaver. G\u00f8r \u00f8jeblikket ekstra specielt med <a rel=\"noreferrer noopener\" href=\"https:\/\/www.partner-ads.com\/dk\/klikbanner.php?partnerid=48240&amp;bannerid=91813\" data-type=\"URL\" data-id=\"https:\/\/www.partner-ads.com\/dk\/klikbanner.php?partnerid=48240&amp;bannerid=91813\" target=\"_blank\">Saabys.dk<\/a>!<\/p>\n\n\n\n<figure class=\"wp-block-table is-style-regular has-medium-font-size\"><table class=\"has-fixed-layout\"><tbody><tr><td class=\"has-text-align-center\" data-align=\"center\"><a href=\"https:\/\/www.partner-ads.com\/dk\/klikbanner.php?bannerid=91811&amp;partnerid=48240&amp;htmlurl=https:\/\/www.saabys.dk\/products\/uendelighed-vedhaeng-fg-m-cz\" data-type=\"URL\" data-id=\"https:\/\/www.partner-ads.com\/dk\/klikbanner.php?bannerid=91811&amp;partnerid=48240&amp;htmlurl=https:\/\/www.saabys.dk\/products\/uendelighed-vedhaeng-fg-m-cz\" target=\"_blank\" rel=\"noreferrer noopener\"><img decoding=\"async\" class=\"wp-image-26\" style=\"width: 150px;\" src=\"https:\/\/cdn.shopify.com\/s\/files\/1\/1910\/2303\/products\/245051-3.jpg?v=1586894742\" alt=\"\"><\/a><\/td><td class=\"has-text-align-center\" data-align=\"center\"><a href=\"https:\/\/www.partner-ads.com\/dk\/klikbanner.php?partnerid=48240&amp;bannerid=91813&amp;htmlurl=https:\/\/www.saabys.dk\/collections\/oereringe\" data-type=\"URL\" data-id=\"https:\/\/www.partner-ads.com\/dk\/klikbanner.php?partnerid=48240&amp;bannerid=91813&amp;htmlurl=https:\/\/www.saabys.dk\/collections\/oereringe\" target=\"_blank\" rel=\"noreferrer noopener\"><img decoding=\"async\" class=\"wp-image-26\" style=\"width: 150px;\" src=\"https:\/\/cdn.shopify.com\/s\/files\/1\/1910\/2303\/files\/20001304_GJSIGNATURE_EARHOOP_1652E_YG_DIAMOND_0.10CT_1800x1800.jpg?v=1683027687\" alt=\"\"><\/a><\/td><td class=\"has-text-align-center\" data-align=\"center\"><a href=\"https:\/\/www.partner-ads.com\/dk\/klikbanner.php?partnerid=48240&amp;bannerid=91813&amp;htmlurl=https:\/\/www.saabys.dk\/collections\/dameure\" data-type=\"URL\" data-id=\"https:\/\/www.partner-ads.com\/dk\/klikbanner.php?partnerid=48240&amp;bannerid=91813&amp;htmlurl=https:\/\/www.saabys.dk\/collections\/dameure\" target=\"_blank\" rel=\"noreferrer noopener\"><img decoding=\"async\" class=\"wp-image-27\" style=\"width: 150px;\" src=\"https:\/\/cdn.shopify.com\/s\/files\/1\/1910\/2303\/products\/6_Ne__Native_Black_Gold_Mesh_copy_1.jpg?v=1624362031\" alt=\"\"><\/a><\/td><td class=\"has-text-align-center\" data-align=\"center\"><a href=\"https:\/\/www.partner-ads.com\/dk\/klikbanner.php?partnerid=48240&amp;bannerid=91813&amp;htmlurl=https:\/\/www.saabys.dk\/collections\/smykkeskrin-og-opbevaring\" data-type=\"URL\" data-id=\"https:\/\/www.partner-ads.com\/dk\/klikbanner.php?partnerid=48240&amp;bannerid=91813&amp;htmlurl=https:\/\/www.saabys.dk\/collections\/smykkeskrin-og-opbevaring\" target=\"_blank\" rel=\"noreferrer noopener\"><img decoding=\"async\" class=\"wp-image-27\" style=\"width: 150px;\" src=\"https:\/\/cdn.shopify.com\/s\/files\/1\/1910\/2303\/products\/image_a4705b05-7158-4883-884a-e5aeea1a8aab_1800x1800.webp?v=1668800738\" alt=\"\"><\/a><\/td><\/tr><tr><td class=\"has-text-align-center\" data-align=\"center\"><a rel=\"noreferrer noopener\" href=\"https:\/\/www.partner-ads.com\/dk\/klikbanner.php?partnerid=48240&amp;bannerid=91813&amp;htmlurl=https:\/\/www.saabys.dk\/collections\/halskaeder\" data-type=\"URL\" data-id=\"https:\/\/www.partner-ads.com\/dk\/klikbanner.php?partnerid=48240&amp;bannerid=91813&amp;htmlurl=https:\/\/www.saabys.dk\/collections\/halskaeder\" target=\"_blank\">Halsk\u00e6der<\/a><br><a rel=\"noreferrer noopener\" href=\"https:\/\/www.partner-ads.com\/dk\/klikbanner.php?partnerid=48240&amp;bannerid=91813&amp;htmlurl=https:\/\/www.saabys.dk\/collections\/halskaeder\" data-type=\"URL\" data-id=\"https:\/\/www.partner-ads.com\/dk\/klikbanner.php?partnerid=48240&amp;bannerid=91813&amp;htmlurl=https:\/\/www.saabys.dk\/collections\/halskaeder\" target=\"_blank\"><strong>fra kun 350,-<\/strong><\/a><\/td><td class=\"has-text-align-center\" data-align=\"center\"><a rel=\"noreferrer noopener\" href=\"https:\/\/www.partner-ads.com\/dk\/klikbanner.php?partnerid=48240&amp;bannerid=91813&amp;htmlurl=https:\/\/www.saabys.dk\/collections\/oereringe\" data-type=\"URL\" data-id=\"https:\/\/www.partner-ads.com\/dk\/klikbanner.php?partnerid=48240&amp;bannerid=91813&amp;htmlurl=https:\/\/www.saabys.dk\/collections\/oereringe\" target=\"_blank\">\u00d8reringe<\/a><br><a rel=\"noreferrer noopener\" href=\"https:\/\/www.partner-ads.com\/dk\/klikbanner.php?partnerid=48240&amp;bannerid=91813&amp;htmlurl=https:\/\/www.saabys.dk\/collections\/oereringe\" data-type=\"URL\" data-id=\"https:\/\/www.partner-ads.com\/dk\/klikbanner.php?partnerid=48240&amp;bannerid=91813&amp;htmlurl=https:\/\/www.saabys.dk\/collections\/oereringe\" target=\"_blank\"><strong>fra kun 100,-<\/strong><\/a><\/td><td class=\"has-text-align-center\" data-align=\"center\"><a rel=\"noreferrer noopener\" href=\"https:\/\/www.partner-ads.com\/dk\/klikbanner.php?partnerid=48240&amp;bannerid=91813&amp;htmlurl=https:\/\/www.saabys.dk\/collections\/dameure\" data-type=\"URL\" data-id=\"https:\/\/www.partner-ads.com\/dk\/klikbanner.php?partnerid=48240&amp;bannerid=91813&amp;htmlurl=https:\/\/www.saabys.dk\/collections\/dameure\" target=\"_blank\">Dameure<\/a><br><a rel=\"noreferrer noopener\" href=\"https:\/\/www.partner-ads.com\/dk\/klikbanner.php?partnerid=48240&amp;bannerid=91813&amp;htmlurl=https:\/\/www.saabys.dk\/collections\/dameure\" data-type=\"URL\" data-id=\"https:\/\/www.partner-ads.com\/dk\/klikbanner.php?partnerid=48240&amp;bannerid=91813&amp;htmlurl=https:\/\/www.saabys.dk\/collections\/dameure\" target=\"_blank\"><strong>fra kun 499,-<\/strong><\/a><\/td><td class=\"has-text-align-center\" data-align=\"center\"><a rel=\"noreferrer noopener\" href=\"https:\/\/www.partner-ads.com\/dk\/klikbanner.php?partnerid=48240&amp;bannerid=91813&amp;htmlurl=https:\/\/www.saabys.dk\/collections\/smykkeskrin-og-opbevaring\" data-type=\"URL\" data-id=\"https:\/\/www.partner-ads.com\/dk\/klikbanner.php?partnerid=48240&amp;bannerid=91813&amp;htmlurl=https:\/\/www.saabys.dk\/collections\/smykkeskrin-og-opbevaring\" target=\"_blank\">Smykkeskrin<\/a><br><a rel=\"noreferrer noopener\" href=\"https:\/\/www.partner-ads.com\/dk\/klikbanner.php?partnerid=48240&amp;bannerid=91813&amp;htmlurl=https:\/\/www.saabys.dk\/collections\/smykkeskrin-og-opbevaring\" data-type=\"URL\" data-id=\"https:\/\/www.partner-ads.com\/dk\/klikbanner.php?partnerid=48240&amp;bannerid=91813&amp;htmlurl=https:\/\/www.saabys.dk\/collections\/smykkeskrin-og-opbevaring\" target=\"_blank\"><strong>fra kun 199,-<\/strong><\/a><\/td><\/tr><\/tbody><\/table><\/figure>\n","protected":false},"excerpt":{"rendered":"<p>F\u00e5 hendes hjerte til at sl\u00e5 hurtigere, giv hende den perfekte gave! Vi har samlet de bedste gaveid\u00e9er til hende, der passer til enhver smag og stil. Overrask hende med en smuk og elegant halsk\u00e6de eller et par \u00f8reringe, der vil fuldende ethvert outfit. Hvis hun er mere til oplevelser, kan du give hende en [&hellip;]<\/p>\n","protected":false},"author":1,"featured_media":18,"parent":0,"menu_order":0,"comment_status":"closed","ping_status":"closed","template":"","meta":{"footnotes":""},"_links":{"self":[{"href":"https:\/\/gave-guiden.dk\/index.php\/wp-json\/wp\/v2\/pages\/15"}],"collection":[{"href":"https:\/\/gave-guiden.dk\/index.php\/wp-json\/wp\/v2\/pages"}],"about":[{"href":"https:\/\/gave-guiden.dk\/index.php\/wp-json\/wp\/v2\/types\/page"}],"author":[{"embeddable":true,"href":"https:\/\/gave-guiden.dk\/index.php\/wp-json\/wp\/v2\/users\/1"}],"replies":[{"embeddable":true,"href":"https:\/\/gave-guiden.dk\/index.php\/wp-json\/wp\/v2\/comments?post=15"}],"version-history":[{"count":8,"href":"https:\/\/gave-guiden.dk\/index.php\/wp-json\/wp\/v2\/pages\/15\/revisions"}],"predecessor-version":[{"id":38,"href":"https:\/\/gave-guiden.dk\/index.php\/wp-json\/wp\/v2\/pages\/15\/revisions\/38"}],"wp:featuredmedia":[{"embeddable":true,"href":"https:\/\/gave-guiden.dk\/index.php\/wp-json\/wp\/v2\/media\/18"}],"wp:attachment":[{"href":"https:\/\/gave-guiden.dk\/index.php\/wp-json\/wp\/v2\/media?parent=15"}],"curies":[{"name":"wp","href":"https:\/\/api.w.org\/{rel}","templated":true}]}}